{"id":1186,"date":"2021-09-07T12:25:26","date_gmt":"2021-09-07T10:25:26","guid":{"rendered":"https:\/\/www.leiste24.de\/blog\/?page_id=1186"},"modified":"2025-11-06T10:35:49","modified_gmt":"2025-11-06T09:35:49","slug":"fussleisten-zum-kleben","status":"publish","type":"page","link":"https:\/\/www.leiste24.de\/blog\/fussleisten-zum-kleben\/","title":{"rendered":"Fu\u00dfleisten zum Kleben"},"content":{"rendered":"<p>Fu\u00dfbodenleisten zum Kleben sind besonders <strong>praktisch und einfach in der Anbringung<\/strong>. Kaschieren und sch\u00fctzen Sie \u00dcberg\u00e4nge zwischen Bodenbelag und Wand oder zwischen Arbeitsplatte und Wand in der K\u00fcche, <strong>ohne zu bohren<\/strong>. Schaffen Sie mit <strong>Sockelleisten zum Kleben <\/strong>einen harmonischen und optisch ansprechenden \u00dcbergang. Entdecken Sie unser Sortiment und finden auch Sie bei Leiste24.de die passenden Fu\u00dfleisten.<br \/>\n<a title=\"Zu unseren Weichsockelleisten\" href=\"https:\/\/www.leiste24.de\/kunststoff-sockelleisten\/weichsockelleisten\/\"><br \/>\n<img decoding=\"async\" class=\"aligncenter size-full wp-image-1192\" src=\"https:\/\/www.leiste24.de\/blog\/wp-content\/uploads\/2021\/09\/weichsockelleisten.jpg\" alt=\"Weichsockelleisten zum kleben\" width=\"100%\" srcset=\"https:\/\/www.leiste24.de\/blog\/wp-content\/uploads\/2021\/09\/weichsockelleisten.jpg 1200w, https:\/\/www.leiste24.de\/blog\/wp-content\/uploads\/2021\/09\/weichsockelleisten-300x100.jpg 300w, https:\/\/www.leiste24.de\/blog\/wp-content\/uploads\/2021\/09\/weichsockelleisten-768x256.jpg 768w, https:\/\/www.leiste24.de\/blog\/wp-content\/uploads\/2021\/09\/weichsockelleisten-1024x341.jpg 1024w, https:\/\/www.leiste24.de\/blog\/wp-content\/uploads\/2021\/09\/weichsockelleisten-660x220.jpg 660w\" sizes=\"(max-width: 1200px) 100vw, 1200px\" \/><\/a><\/p>\n<div style=\"background: #5f7285; padding-left: 10px; padding-top: 10px; padding-bottom: 1px; margin-top: -30px;\">\n<p><a title=\"Weichsockelleisten von Leiste24\" href=\"https:\/\/www.leiste24.de\/kunststoff-sockelleisten\/weichsockelleisten\/\"><span style=\"color: #fff;\"><strong>Weichsockelleisten (zum Kleben)<\/strong><\/span><\/a><\/p>\n<\/div>\n<h2>Sockelleistern zum Kleben: einfach, schnell und unkompliziert anbringen<\/h2>\n<p>Es gibt Bereiche und Baustoffe, bei denen Bohren nicht in Frage kommt \u2013 oder f\u00fcr die das handwerkliche K\u00f6nnen nicht ausreicht. Eine besonders einfache L\u00f6sung stellen hierf\u00fcr Fu\u00dfleisten, Sockelleisten oder Abschlussleisten zum Kleben dar. Sie lassen sich unkompliziert mit Hilfe von <strong>geeignetem Klebeband oder Montagekleber<\/strong> anbringen. So entsteht ein harmonischer Abschluss \u00fcberall dort, wo sanfte \u00dcberg\u00e4nge ben\u00f6tigt oder gew\u00fcnscht werden. Befestigen lassen sich Fu\u00dfbodenleisten zum Kleben entweder dem passenden <a title=\"Befestigungsclips\" href=\"https:\/\/www.leiste24.de\/zubehoer\/befestigung-clips\/\">Befestigungsmaterial f\u00fcr Sockelleisten<\/a>, wie zweiseitigem Klebeband oder Montagekleber. Wie Sie die Sockelleisten zum Kleben mit diesen unterschiedlichen Varianten anbringen, erfahren Sie in unserem <a title=\"Installations-Tutorial: Sockelleisten kleben\" href=\"https:\/\/www.leiste24.de\/blog\/installations-tutorial-sockelleisten-kleben\/\">Installations-Tutorial: Sockelleisten kleben<\/a>.<\/p>\n<p>Verwenden Sie zum Anbringen Ihrer Sockelleisten zum Kleben nur hochwertige Materialien und achten Sie darauf, die Leisten auf einer <strong>sauberen, trockenen und glatten Oberfl\u00e4che<\/strong> anzubringen, damit der Kleber ideal aush\u00e4rten kann und die Fu\u00dfleiste optimal abschlie\u00dft. Entscheiden Sie sich jetzt f\u00fcr Sockelleisten zum Kleben und schaffen Sie <strong>saubere Abschl\u00fcsse zwischen Wand und Bodenbelag<\/strong>.<\/p>\n<h2>Ihr Onlineshop f\u00fcr Fu\u00dfleisten zum Kleben: Leiste24.de<\/h2>\n<p>Als Experte f\u00fcr Leisten und Bodenprofile finden Sie in unserem Shop eine gro\u00dfe Auswahl verschiedener Sockelleisten, darunter unsere beliebten <a title=\"MDF Sockelleisten\" href=\"https:\/\/www.leiste24.de\/mdf-sockelleisten\/\">MDF Sockelleisten<\/a>, edle <a title=\"Massivholz-Sockelleisten\" href=\"https:\/\/www.leiste24.de\/massivholz-sockelleisten\/\">Massivholz-Sockelleisten<\/a> oder moderne <a title=\"Metallsockelleisten\" href=\"https:\/\/www.leiste24.de\/metallsockelleisten\/\">Metallsockelleisten<\/a>. Mit unserer <strong>Erfahrung<\/strong> stehen wir Ihnen bei Fragen zu unseren Produkten gerne zur Verf\u00fcgung. Unsere kompetenten Mitarbeiter der Beratungs-Hotline steht Ihnen von Montag bis Freitag in der Zeit von 09:00 bis 18:00 Uhr unter der Rufnummer 0355 121005015 zur Verf\u00fcgung, Sie erreichen uns zus\u00e4tzlich jederzeit \u00fcber unser <a href=\"https:\/\/www.leiste24.de\/shop-service\/kontakt\/\">Kontaktformular<\/a>.<\/p>\n","protected":false},"excerpt":{"rendered":"<p>Fu\u00dfbodenleisten zum Kleben sind besonders praktisch und einfach in der Anbringung. Kaschieren und sch\u00fctzen Sie \u00dcberg\u00e4nge zwischen Bodenbelag und Wand oder zwischen Arbeitsplatte und Wand in der K\u00fcche, ohne zu bohren. Schaffen Sie mit Sockelleisten zum Kleben einen harmonischen und optisch ansprechenden \u00dcbergang. Entdecken Sie unser Sortiment und finden auch Sie bei Leiste24.de die passenden\u2026 <span class=\"read-more\"><a href=\"https:\/\/www.leiste24.de\/blog\/fussleisten-zum-kleben\/\">Weiterlesen &raquo;<\/a><\/span><\/p>\n","protected":false},"author":1,"featured_media":0,"parent":0,"menu_order":0,"comment_status":"closed","ping_status":"closed","template":"","meta":{"footnotes":""},"class_list":["post-1186","page","type-page","status-publish","hentry"],"yoast_head":"<!-- This site is optimized with the Yoast SEO plugin v27.1.1 - https:\/\/yoast.com\/product\/yoast-seo-wordpress\/ -->\n<title>Fu\u00dfleisten zum Kleben bei Leiste24<\/title>\n<meta name=\"description\" content=\"Fu\u00dfleisten zum Kleben und was dabei beachtet werden muss, lesen Sie hier in unserem Blog. Jetzt bei Leiste24.de\" \/>\n<meta name=\"robots\" content=\"index, follow, max-snippet:-1, max-image-preview:large, max-video-preview:-1\" \/>\n<link rel=\"canonical\" href=\"https:\/\/www.leiste24.de\/blog\/fussleisten-zum-kleben\/\" \/>\n<meta property=\"og:locale\" content=\"de_DE\" \/>\n<meta property=\"og:type\" content=\"article\" \/>\n<meta property=\"og:title\" content=\"Fu\u00dfleisten zum Kleben bei Leiste24\" \/>\n<meta property=\"og:description\" content=\"Fu\u00dfleisten zum Kleben und was dabei beachtet werden muss, lesen Sie hier in unserem Blog. Jetzt bei Leiste24.de\" \/>\n<meta property=\"og:url\" content=\"https:\/\/www.leiste24.de\/blog\/fussleisten-zum-kleben\/\" \/>\n<meta property=\"og:site_name\" content=\"Sockelleisten-Blog von Leiste24\" \/>\n<meta property=\"article:modified_time\" content=\"2025-11-06T09:35:49+00:00\" \/>\n<meta property=\"og:image\" content=\"https:\/\/www.leiste24.de\/blog\/wp-content\/uploads\/2021\/09\/weichsockelleisten.jpg\" \/>\n\t<meta property=\"og:image:width\" content=\"1200\" \/>\n\t<meta property=\"og:image:height\" content=\"400\" \/>\n\t<meta property=\"og:image:type\" content=\"image\/jpeg\" \/>\n<meta name=\"twitter:label1\" content=\"Gesch\u00e4tzte Lesezeit\" \/>\n\t<meta name=\"twitter:data1\" content=\"2\u00a0Minuten\" \/>\n<script type=\"application\/ld+json\" class=\"yoast-schema-graph\">{\"@context\":\"https:\/\/schema.org\",\"@graph\":[{\"@type\":\"WebPage\",\"@id\":\"https:\/\/www.leiste24.de\/blog\/fussleisten-zum-kleben\/\",\"url\":\"https:\/\/www.leiste24.de\/blog\/fussleisten-zum-kleben\/\",\"name\":\"Fu\u00dfleisten zum Kleben bei Leiste24\",\"isPartOf\":{\"@id\":\"https:\/\/www.leiste24.de\/blog\/#website\"},\"primaryImageOfPage\":{\"@id\":\"https:\/\/www.leiste24.de\/blog\/fussleisten-zum-kleben\/#primaryimage\"},\"image\":{\"@id\":\"https:\/\/www.leiste24.de\/blog\/fussleisten-zum-kleben\/#primaryimage\"},\"thumbnailUrl\":\"https:\/\/www.leiste24.de\/blog\/wp-content\/uploads\/2021\/09\/weichsockelleisten.jpg\",\"datePublished\":\"2021-09-07T10:25:26+00:00\",\"dateModified\":\"2025-11-06T09:35:49+00:00\",\"description\":\"Fu\u00dfleisten zum Kleben und was dabei beachtet werden muss, lesen Sie hier in unserem Blog. Jetzt bei Leiste24.de\",\"breadcrumb\":{\"@id\":\"https:\/\/www.leiste24.de\/blog\/fussleisten-zum-kleben\/#breadcrumb\"},\"inLanguage\":\"de\",\"potentialAction\":[{\"@type\":\"ReadAction\",\"target\":[\"https:\/\/www.leiste24.de\/blog\/fussleisten-zum-kleben\/\"]}]},{\"@type\":\"ImageObject\",\"inLanguage\":\"de\",\"@id\":\"https:\/\/www.leiste24.de\/blog\/fussleisten-zum-kleben\/#primaryimage\",\"url\":\"https:\/\/www.leiste24.de\/blog\/wp-content\/uploads\/2021\/09\/weichsockelleisten.jpg\",\"contentUrl\":\"https:\/\/www.leiste24.de\/blog\/wp-content\/uploads\/2021\/09\/weichsockelleisten.jpg\",\"width\":1200,\"height\":400},{\"@type\":\"BreadcrumbList\",\"@id\":\"https:\/\/www.leiste24.de\/blog\/fussleisten-zum-kleben\/#breadcrumb\",\"itemListElement\":[{\"@type\":\"ListItem\",\"position\":1,\"name\":\"Home\",\"item\":\"https:\/\/www.leiste24.de\/blog\/\"},{\"@type\":\"ListItem\",\"position\":2,\"name\":\"Fu\u00dfleisten zum Kleben\"}]},{\"@type\":\"WebSite\",\"@id\":\"https:\/\/www.leiste24.de\/blog\/#website\",\"url\":\"https:\/\/www.leiste24.de\/blog\/\",\"name\":\"Sockelleisten-Blog von Leiste24\",\"description\":\"\",\"publisher\":{\"@id\":\"https:\/\/www.leiste24.de\/blog\/#organization\"},\"potentialAction\":[{\"@type\":\"SearchAction\",\"target\":{\"@type\":\"EntryPoint\",\"urlTemplate\":\"https:\/\/www.leiste24.de\/blog\/?s={search_term_string}\"},\"query-input\":{\"@type\":\"PropertyValueSpecification\",\"valueRequired\":true,\"valueName\":\"search_term_string\"}}],\"inLanguage\":\"de\"},{\"@type\":\"Organization\",\"@id\":\"https:\/\/www.leiste24.de\/blog\/#organization\",\"name\":\"Sockelleisten-Blog von Leiste24\",\"url\":\"https:\/\/www.leiste24.de\/blog\/\",\"logo\":{\"@type\":\"ImageObject\",\"inLanguage\":\"de\",\"@id\":\"https:\/\/www.leiste24.de\/blog\/#\/schema\/logo\/image\/\",\"url\":\"https:\/\/www.leiste24.de\/blog\/wp-content\/uploads\/2016\/06\/Logo-mit-Unterzeile-end-300.jpg\",\"contentUrl\":\"https:\/\/www.leiste24.de\/blog\/wp-content\/uploads\/2016\/06\/Logo-mit-Unterzeile-end-300.jpg\",\"width\":627,\"height\":170,\"caption\":\"Sockelleisten-Blog von Leiste24\"},\"image\":{\"@id\":\"https:\/\/www.leiste24.de\/blog\/#\/schema\/logo\/image\/\"}}]}<\/script>\n<!-- \/ Yoast SEO plugin. -->","yoast_head_json":{"title":"Fu\u00dfleisten zum Kleben bei Leiste24","description":"Fu\u00dfleisten zum Kleben und was dabei beachtet werden muss, lesen Sie hier in unserem Blog. Jetzt bei Leiste24.de","robots":{"index":"index","follow":"follow","max-snippet":"max-snippet:-1","max-image-preview":"max-image-preview:large","max-video-preview":"max-video-preview:-1"},"canonical":"https:\/\/www.leiste24.de\/blog\/fussleisten-zum-kleben\/","og_locale":"de_DE","og_type":"article","og_title":"Fu\u00dfleisten zum Kleben bei Leiste24","og_description":"Fu\u00dfleisten zum Kleben und was dabei beachtet werden muss, lesen Sie hier in unserem Blog. Jetzt bei Leiste24.de","og_url":"https:\/\/www.leiste24.de\/blog\/fussleisten-zum-kleben\/","og_site_name":"Sockelleisten-Blog von Leiste24","article_modified_time":"2025-11-06T09:35:49+00:00","og_image":[{"width":1200,"height":400,"url":"https:\/\/www.leiste24.de\/blog\/wp-content\/uploads\/2021\/09\/weichsockelleisten.jpg","type":"image\/jpeg"}],"twitter_misc":{"Gesch\u00e4tzte Lesezeit":"2\u00a0Minuten"},"schema":{"@context":"https:\/\/schema.org","@graph":[{"@type":"WebPage","@id":"https:\/\/www.leiste24.de\/blog\/fussleisten-zum-kleben\/","url":"https:\/\/www.leiste24.de\/blog\/fussleisten-zum-kleben\/","name":"Fu\u00dfleisten zum Kleben bei Leiste24","isPartOf":{"@id":"https:\/\/www.leiste24.de\/blog\/#website"},"primaryImageOfPage":{"@id":"https:\/\/www.leiste24.de\/blog\/fussleisten-zum-kleben\/#primaryimage"},"image":{"@id":"https:\/\/www.leiste24.de\/blog\/fussleisten-zum-kleben\/#primaryimage"},"thumbnailUrl":"https:\/\/www.leiste24.de\/blog\/wp-content\/uploads\/2021\/09\/weichsockelleisten.jpg","datePublished":"2021-09-07T10:25:26+00:00","dateModified":"2025-11-06T09:35:49+00:00","description":"Fu\u00dfleisten zum Kleben und was dabei beachtet werden muss, lesen Sie hier in unserem Blog. Jetzt bei Leiste24.de","breadcrumb":{"@id":"https:\/\/www.leiste24.de\/blog\/fussleisten-zum-kleben\/#breadcrumb"},"inLanguage":"de","potentialAction":[{"@type":"ReadAction","target":["https:\/\/www.leiste24.de\/blog\/fussleisten-zum-kleben\/"]}]},{"@type":"ImageObject","inLanguage":"de","@id":"https:\/\/www.leiste24.de\/blog\/fussleisten-zum-kleben\/#primaryimage","url":"https:\/\/www.leiste24.de\/blog\/wp-content\/uploads\/2021\/09\/weichsockelleisten.jpg","contentUrl":"https:\/\/www.leiste24.de\/blog\/wp-content\/uploads\/2021\/09\/weichsockelleisten.jpg","width":1200,"height":400},{"@type":"BreadcrumbList","@id":"https:\/\/www.leiste24.de\/blog\/fussleisten-zum-kleben\/#breadcrumb","itemListElement":[{"@type":"ListItem","position":1,"name":"Home","item":"https:\/\/www.leiste24.de\/blog\/"},{"@type":"ListItem","position":2,"name":"Fu\u00dfleisten zum Kleben"}]},{"@type":"WebSite","@id":"https:\/\/www.leiste24.de\/blog\/#website","url":"https:\/\/www.leiste24.de\/blog\/","name":"Sockelleisten-Blog von Leiste24","description":"","publisher":{"@id":"https:\/\/www.leiste24.de\/blog\/#organization"},"potentialAction":[{"@type":"SearchAction","target":{"@type":"EntryPoint","urlTemplate":"https:\/\/www.leiste24.de\/blog\/?s={search_term_string}"},"query-input":{"@type":"PropertyValueSpecification","valueRequired":true,"valueName":"search_term_string"}}],"inLanguage":"de"},{"@type":"Organization","@id":"https:\/\/www.leiste24.de\/blog\/#organization","name":"Sockelleisten-Blog von Leiste24","url":"https:\/\/www.leiste24.de\/blog\/","logo":{"@type":"ImageObject","inLanguage":"de","@id":"https:\/\/www.leiste24.de\/blog\/#\/schema\/logo\/image\/","url":"https:\/\/www.leiste24.de\/blog\/wp-content\/uploads\/2016\/06\/Logo-mit-Unterzeile-end-300.jpg","contentUrl":"https:\/\/www.leiste24.de\/blog\/wp-content\/uploads\/2016\/06\/Logo-mit-Unterzeile-end-300.jpg","width":627,"height":170,"caption":"Sockelleisten-Blog von Leiste24"},"image":{"@id":"https:\/\/www.leiste24.de\/blog\/#\/schema\/logo\/image\/"}}]}},"_links":{"self":[{"href":"https:\/\/www.leiste24.de\/blog\/wp-json\/wp\/v2\/pages\/1186","targetHints":{"allow":["GET"]}}],"collection":[{"href":"https:\/\/www.leiste24.de\/blog\/wp-json\/wp\/v2\/pages"}],"about":[{"href":"https:\/\/www.leiste24.de\/blog\/wp-json\/wp\/v2\/types\/page"}],"author":[{"embeddable":true,"href":"https:\/\/www.leiste24.de\/blog\/wp-json\/wp\/v2\/users\/1"}],"replies":[{"embeddable":true,"href":"https:\/\/www.leiste24.de\/blog\/wp-json\/wp\/v2\/comments?post=1186"}],"version-history":[{"count":9,"href":"https:\/\/www.leiste24.de\/blog\/wp-json\/wp\/v2\/pages\/1186\/revisions"}],"predecessor-version":[{"id":1402,"href":"https:\/\/www.leiste24.de\/blog\/wp-json\/wp\/v2\/pages\/1186\/revisions\/1402"}],"wp:attachment":[{"href":"https:\/\/www.leiste24.de\/blog\/wp-json\/wp\/v2\/media?parent=1186"}],"curies":[{"name":"wp","href":"https:\/\/api.w.org\/{rel}","templated":true}]}}