{"id":1131,"date":"2021-01-05T12:00:49","date_gmt":"2021-01-05T11:00:49","guid":{"rendered":"https:\/\/www.leiste24.de\/blog\/?page_id=1131"},"modified":"2022-12-05T10:03:11","modified_gmt":"2022-12-05T09:03:11","slug":"kabel-geschickt-verlegen-mit-hochwertigen-sockelleisten","status":"publish","type":"page","link":"https:\/\/www.leiste24.de\/blog\/kabel-geschickt-verlegen-mit-hochwertigen-sockelleisten\/","title":{"rendered":"Kabel hinter Sockelleisten verlegen: einfach und schnell"},"content":{"rendered":"<p><img loading=\"lazy\" decoding=\"async\" class=\"aligncenter size-full wp-image-1025\" src=\"https:\/\/www.leiste24.de\/blog\/wp-content\/uploads\/2019\/07\/sockelleisten.jpg\" alt=\"Sockelleisten von Leiste24\" width=\"1100\" height=\"468\" srcset=\"https:\/\/www.leiste24.de\/blog\/wp-content\/uploads\/2019\/07\/sockelleisten.jpg 1100w, https:\/\/www.leiste24.de\/blog\/wp-content\/uploads\/2019\/07\/sockelleisten-300x128.jpg 300w, https:\/\/www.leiste24.de\/blog\/wp-content\/uploads\/2019\/07\/sockelleisten-768x327.jpg 768w, https:\/\/www.leiste24.de\/blog\/wp-content\/uploads\/2019\/07\/sockelleisten-1024x436.jpg 1024w, https:\/\/www.leiste24.de\/blog\/wp-content\/uploads\/2019\/07\/sockelleisten-660x281.jpg 660w\" sizes=\"auto, (max-width: 1100px) 100vw, 1100px\" \/><\/p>\n<p>Bei der <strong>Wohnungseinrichtung<\/strong> kommt es nicht nur auf das gew\u00e4hlte Mobiliar und die Abstimmung von Material und Farbe aufeinander an \u2013 auch das letztendliche Ergebnis hinsichtlich einer <strong>sauberen Optik<\/strong> ist f\u00fcr ein angenehmes Wohngef\u00fchl wichtig. Viele Menschen treffen daher schon Vorkehrungen bei der Renovierung, um dem entstehenden Innenraum eine perfekte Gestaltung zukommen zu lassen.<\/p>\n<p>Neben der Positionierung von Schaltern, Steckdosen und Internetanschl\u00fcssen werden die Kabel von Lampen, Stereoanlagen oder Ethernet oft vergessen. Damit diese sich sp\u00e4ter nicht entlang der W\u00e4nde schl\u00e4ngeln und zu unangenehmen Staubf\u00e4ngern und Stolperfallen werden, k\u00f6nnen sie einfach die Kabel hinter Sockelleisten verlegen. <strong>Sockelleisten mit Kabelkanal<\/strong> bieten in diesem Fall eine gute L\u00f6sung, um die notwendigen Kabelf\u00fchrungen f\u00fcr Stehlampe, Fernseher und Co. geschickt zu verstecken.<\/p>\n<div style=\"float: left; margin-right: 5px; width: 49%;\">\n<p><a href=\"https:\/\/www.leiste24.de\/kunststoff-sockelleisten\/\"><img decoding=\"async\" title=\"Kunststoffleisten\" src=\"https:\/\/www.leiste24.de\/blog\/wp-content\/uploads\/2021\/01\/kunststoffleisten.jpg\" alt=\"Kunststoffleisten\" \/><\/a><\/p>\n<div style=\"background: #5f7285; padding-left: 10px; padding-top: 10px; padding-bottom: 1px; margin-top: -30px;\">\n<p><span style=\"color: #fff;\"><strong>Kunststoffleisten<\/strong><\/span><\/p>\n<\/div>\n<p>&nbsp;<\/p>\n<\/div>\n<div style=\"float: left; margin-right: 5px; width: 49%;\">\n<p><a title=\"Sockelleisten aus Echtholz\" href=\"https:\/\/www.leiste24.de\/massivholz-sockelleisten\/\" target=\"_blank\" rel=\"noopener\"><img decoding=\"async\" src=\"https:\/\/www.leiste24.de\/blog\/wp-content\/uploads\/2021\/01\/echtholzsockelleisten.jpg\" alt=\"Sockelleisten aus Echtholz\" \/><\/a><\/p>\n<div style=\"background: #5f7285; padding-left: 10px; padding-top: 10px; padding-bottom: 1px; margin-top: -30px;\">\n<p><span style=\"color: #fff;\"><strong>Sockelleisten aus Echtholz<\/strong><\/span><\/p>\n<\/div>\n<p>&nbsp;<\/p>\n<\/div>\n<h2>Sockelleisten mit Kabelf\u00fchrung f\u00fcr eine harmonische Raumoptik<\/h2>\n<p>Der Hauptzweck von <a href=\"https:\/\/www.leiste24.de\/\" target=\"_blank\" rel=\"noopener\">Sockelleisten<\/a> ist die harmonische Verbindung von Wand und Boden. Je nach Ausf\u00fchrung und Profil lassen sich unterschiedliche Effekte erzeugen \u2013 beispielsweise kann der Raum optisch gestreckt werden.<\/p>\n<p>Um Kabel hinter Sockelleisten zu verlegen empfiehlt sich:<\/p>\n<ul>\n<li><a href=\"https:\/\/www.leiste24.de\/kunststoff-sockelleisten\/\" target=\"_blank\" rel=\"noopener\">Kunststoffleisten<\/a> sind pflegeleicht und wasserresistent. Sie lassen sich gut im <strong>Bad oder in der K\u00fcche<\/strong> verlegen<\/li>\n<li><a href=\"https:\/\/www.leiste24.de\/massivholz-sockelleisten\/\" target=\"_blank\" rel=\"noopener\">Sockelleisten aus Echtholz<\/a>, Kork oder MDF passen mit ihrer Maserung ideal zu <strong>Holzb\u00f6den<\/strong> und sind <strong>gute Allrounder<\/strong> f\u00fcr einen sch\u00f6nen Abschluss<\/li>\n<li><a href=\"https:\/\/www.leiste24.de\/metallsockelleisten\/\" target=\"_blank\" rel=\"noopener\">Metallsockelleisten<\/a> machen sich gut in modernen Lofts oder B\u00fcros mit einem hohen Metall- oder Glasanteil bei der Einrichtung und einem Teppichboden<\/li>\n<li><a href=\"https:\/\/www.leiste24.de\/weisse-sockelleisten\/\" target=\"_blank\" rel=\"noopener\">Wei\u00dfe Sockelleisten<\/a> in Verbindung mit Parkett oder Laminat sowie <strong>hellen Holzm\u00f6beln<\/strong> ergeben ein stimmiges Gesamtbild<\/li>\n<\/ul>\n<p>Nat\u00fcrlich k\u00f6nnen Sie neben Harmonien auch <strong>gezielt Kontraste<\/strong> setzen. Neben dem optischen \u00dcbergang sch\u00fctzt eine Sockelleiste die Dehnungsfuge, die bei Holzb\u00f6den und anderen Bel\u00e4gen f\u00fcr die m\u00f6gliche Ausdehnung des Materials notwendig ist \u2013 in dieser sammelt sich ansonsten schnell Staub und Schmutz an.<\/p>\n<div style=\"float: left; margin-right: 5px; width: 49%;\">\n<p><a title=\"Metallsockelleisten\" href=\"https:\/\/www.leiste24.de\/metallsockelleisten\/\" target=\"_blank\" rel=\"noopener\"><img decoding=\"async\" src=\"https:\/\/www.leiste24.de\/blog\/wp-content\/uploads\/2021\/01\/metallsockellleiste.jpg\" alt=\"Metallsockelleisten\" \/><\/a><\/p>\n<div style=\"background: #5f7285; padding-left: 10px; padding-top: 10px; padding-bottom: 1px; margin-top: -30px;\">\n<p><span style=\"color: #fff;\"><strong>Metallsockelleisten<\/strong><\/span><\/p>\n<\/div>\n<p>&nbsp;<\/p>\n<\/div>\n<div style=\"float: left; margin-right: 5px; width: 49%;\">\n<p><a title=\"Wei\u00dfe Sockelleisten\" href=\"https:\/\/www.leiste24.de\/weisse-sockelleisten\/\" target=\"_blank\" rel=\"noopener\"><img decoding=\"async\" src=\"https:\/\/www.leiste24.de\/blog\/wp-content\/uploads\/2021\/01\/weisse-sockelleiste.jpg\" \/><\/a><\/p>\n<div style=\"background: #5f7285; padding-left: 10px; padding-top: 10px; padding-bottom: 1px; margin-top: -30px;\">\n<p><span style=\"color: #fff;\"><strong>Wei\u00dfe Sockelleisten<\/strong><\/span><\/p>\n<\/div>\n<p>&nbsp;<\/p>\n<\/div>\n<h2>Sockelleisten mit Kabelkanal f\u00fcr ein einfaches Kabelmanagement im eigenen Heim<\/h2>\n<p>Wer in seiner Wohnung zur Verbesserung der Optik auf Fu\u00dfbodenleisten zur\u00fcckgreifen m\u00f6chte, sollte auch die Kabel seiner Elektroger\u00e4te mit in die Planungen einbeziehen. Denn die <strong>Stromleitungen f\u00fcr Fernseher, Computer<\/strong> und viele andere Ger\u00e4te, die an die Steckdose geklemmt werden, <strong>sind oftmals ein dauerhafter Bestandteil von Wohnr\u00e4umen<\/strong>.<\/p>\n<p>Dank <strong>integrierten Kabelkanal<\/strong> besteht die M\u00f6glichkeit, Kabel hinter einer Sockelleiste zu verlegen. Im Inneren der Leiste, also zwischen Wand und Leistenholz, befindet sich dann eine ausreichend gro\u00dfe Aussparung, in der Kabel problemlos verlegt werden k\u00f6nnen. Wer auf solche Leisten setzen m\u00f6chte, sollte sich allerdings einen konkreten Plan zurechtlegen. Die Menge der Kabel, ihre Position und auch ihre L\u00e4nge spielen hier eine wichtige Rolle, damit im Anschluss der Kabelsalat effektiv aus dem Blickfeld verschwinden kann und keine aufw\u00e4ndigen Neuverlegungen notwendig werden. <strong>Sockelleisten mit Kabelf\u00fchrung<\/strong> sollten daher erst nach einer genauen \u00dcberpr\u00fcfung der gegebenen Umst\u00e4nde bestellt werden.<\/p>\n<div style=\"border: 1px solid #d0257e; box-shadow: 2px 2px 5px grey; padding: 15px;\"><strong>Gestaltungsidee<\/strong>: In Sockelleisten kann nicht nur ein Kabelkanal untergebracht werden, sondern auch ein LED-Kanal, der mit <strong>LED-Strips<\/strong> ausgestattet wird und mit einem Diffuser das Licht sanft bricht. Auf diese Weise l\u00e4sst sich eine indirekte Beleuchtung am Fu\u00dfbodenrand oder auch an der Decke erm\u00f6glichen. Mit der RGB-Technik lassen sich zudem unz\u00e4hlige Lichterspiele und -sequenzen realisieren.<\/div>\n<h2>Clip-System f\u00fcr einfachen Zugang \u2013 Kabelreparaturen sind trotz Leisten kein Problem<\/h2>\n<p>Nicht immer bleiben Kabel \u00fcber viele Jahre verwendbar: Durch Defekte an Elektroger\u00e4ten, Neuanschaffungen oder neue Raumkonzepte ergibt sich oftmals der <strong>Bedarf nach Ver\u00e4nderung<\/strong> \u2013 die Fu\u00dfbodenleiste sollte hier kein Hindernis darstellen. Wer also Kabel wieder entfernen und einfach neu verlegen m\u00f6chte, ist besonders mit <strong>Sockelleisten mit Clip-System<\/strong> gut beraten. Diese lassen sich <strong>leicht abmontieren<\/strong> und sind nach dem Verlegen eines neuen Kabels schnell wieder befestigt.<\/p>\n<p><strong>\u00dcbrigens<\/strong>: Eine solche Neuanordnung der Kabel ist ein guter Zeitpunkt, um die Sockelleisten von <strong>Staub und Verunreinigungen<\/strong> zu befreien \u2013 in diesem Beitrag zeigen wir Ihnen, wie Sie <a href=\"https:\/\/www.leiste24.de\/blog\/auch-leisten-brauchen-aufmerksamkeit\/\" target=\"_blank\" rel=\"noopener\">Sockelleisten richtig pflegen<\/a>, damit Sie lange Freude an den praktischen \u00dcberg\u00e4ngen haben.<\/p>\n<p>Sockelleisten mit Kabelkanal vereinen die \u00e4sthetischen Aspekte einer Fu\u00dfleiste mit <strong>funktionellem Kabelmanagement<\/strong>, sodass Sie in Ihren eigenen vier W\u00e4nden im Handumdrehen f\u00fcr ein angenehmes Raumambiente und einen geordneten Eindruck sorgen k\u00f6nnen.<\/p>\n<p>&nbsp;<\/p>\n","protected":false},"excerpt":{"rendered":"<p>Bei der Wohnungseinrichtung kommt es nicht nur auf das gew\u00e4hlte Mobiliar und die Abstimmung von Material und Farbe aufeinander an \u2013 auch das letztendliche Ergebnis hinsichtlich einer sauberen Optik ist f\u00fcr ein angenehmes Wohngef\u00fchl wichtig. Viele Menschen treffen daher schon Vorkehrungen bei der Renovierung, um dem entstehenden Innenraum eine perfekte Gestaltung zukommen zu lassen. Neben\u2026 <span class=\"read-more\"><a href=\"https:\/\/www.leiste24.de\/blog\/kabel-geschickt-verlegen-mit-hochwertigen-sockelleisten\/\">Weiterlesen &raquo;<\/a><\/span><\/p>\n","protected":false},"author":1,"featured_media":0,"parent":0,"menu_order":0,"comment_status":"closed","ping_status":"closed","template":"","meta":{"footnotes":""},"class_list":["post-1131","page","type-page","status-publish","hentry"],"yoast_head":"<!-- This site is optimized with the Yoast SEO plugin v27.1.1 - https:\/\/yoast.com\/product\/yoast-seo-wordpress\/ -->\n<title>Sockelleiste mit Kabelkanal verlegen - so geht\u00b4s | Leiste24<\/title>\n<meta name=\"description\" content=\"Kabel hinter Sockelleisten verlegen - einfach &amp; schnell. Wie genau Sie Sockelleisten mit Kabelf\u00fchrung nutzen, lesen Sie hier im Blog von Leiste24\u25c0\" \/>\n<meta name=\"robots\" content=\"index, follow, max-snippet:-1, max-image-preview:large, max-video-preview:-1\" \/>\n<link rel=\"canonical\" href=\"https:\/\/www.leiste24.de\/blog\/kabel-geschickt-verlegen-mit-hochwertigen-sockelleisten\/\" \/>\n<meta property=\"og:locale\" content=\"de_DE\" \/>\n<meta property=\"og:type\" content=\"article\" \/>\n<meta property=\"og:title\" content=\"Sockelleiste mit Kabelkanal verlegen - so geht\u00b4s | Leiste24\" \/>\n<meta property=\"og:description\" content=\"Kabel hinter Sockelleisten verlegen - einfach &amp; schnell. Wie genau Sie Sockelleisten mit Kabelf\u00fchrung nutzen, lesen Sie hier im Blog von Leiste24\u25c0\" \/>\n<meta property=\"og:url\" content=\"https:\/\/www.leiste24.de\/blog\/kabel-geschickt-verlegen-mit-hochwertigen-sockelleisten\/\" \/>\n<meta property=\"og:site_name\" content=\"Sockelleisten-Blog von Leiste24\" \/>\n<meta property=\"article:modified_time\" content=\"2022-12-05T09:03:11+00:00\" \/>\n<meta property=\"og:image\" content=\"https:\/\/www.leiste24.de\/blog\/wp-content\/uploads\/2019\/07\/sockelleisten.jpg\" \/>\n\t<meta property=\"og:image:width\" content=\"1100\" \/>\n\t<meta property=\"og:image:height\" content=\"468\" \/>\n\t<meta property=\"og:image:type\" content=\"image\/jpeg\" \/>\n<meta name=\"twitter:label1\" content=\"Gesch\u00e4tzte Lesezeit\" \/>\n\t<meta name=\"twitter:data1\" content=\"3\u00a0Minuten\" \/>\n<script type=\"application\/ld+json\" class=\"yoast-schema-graph\">{\"@context\":\"https:\/\/schema.org\",\"@graph\":[{\"@type\":\"WebPage\",\"@id\":\"https:\/\/www.leiste24.de\/blog\/kabel-geschickt-verlegen-mit-hochwertigen-sockelleisten\/\",\"url\":\"https:\/\/www.leiste24.de\/blog\/kabel-geschickt-verlegen-mit-hochwertigen-sockelleisten\/\",\"name\":\"Sockelleiste mit Kabelkanal verlegen - so geht\u00b4s | Leiste24\",\"isPartOf\":{\"@id\":\"https:\/\/www.leiste24.de\/blog\/#website\"},\"primaryImageOfPage\":{\"@id\":\"https:\/\/www.leiste24.de\/blog\/kabel-geschickt-verlegen-mit-hochwertigen-sockelleisten\/#primaryimage\"},\"image\":{\"@id\":\"https:\/\/www.leiste24.de\/blog\/kabel-geschickt-verlegen-mit-hochwertigen-sockelleisten\/#primaryimage\"},\"thumbnailUrl\":\"https:\/\/www.leiste24.de\/blog\/wp-content\/uploads\/2019\/07\/sockelleisten.jpg\",\"datePublished\":\"2021-01-05T11:00:49+00:00\",\"dateModified\":\"2022-12-05T09:03:11+00:00\",\"description\":\"Kabel hinter Sockelleisten verlegen - einfach & schnell. Wie genau Sie Sockelleisten mit Kabelf\u00fchrung nutzen, lesen Sie hier im Blog von Leiste24\u25c0\",\"breadcrumb\":{\"@id\":\"https:\/\/www.leiste24.de\/blog\/kabel-geschickt-verlegen-mit-hochwertigen-sockelleisten\/#breadcrumb\"},\"inLanguage\":\"de\",\"potentialAction\":[{\"@type\":\"ReadAction\",\"target\":[\"https:\/\/www.leiste24.de\/blog\/kabel-geschickt-verlegen-mit-hochwertigen-sockelleisten\/\"]}]},{\"@type\":\"ImageObject\",\"inLanguage\":\"de\",\"@id\":\"https:\/\/www.leiste24.de\/blog\/kabel-geschickt-verlegen-mit-hochwertigen-sockelleisten\/#primaryimage\",\"url\":\"https:\/\/www.leiste24.de\/blog\/wp-content\/uploads\/2019\/07\/sockelleisten.jpg\",\"contentUrl\":\"https:\/\/www.leiste24.de\/blog\/wp-content\/uploads\/2019\/07\/sockelleisten.jpg\",\"width\":1100,\"height\":468,\"caption\":\"Sockelleisten von Leiste24\"},{\"@type\":\"BreadcrumbList\",\"@id\":\"https:\/\/www.leiste24.de\/blog\/kabel-geschickt-verlegen-mit-hochwertigen-sockelleisten\/#breadcrumb\",\"itemListElement\":[{\"@type\":\"ListItem\",\"position\":1,\"name\":\"Home\",\"item\":\"https:\/\/www.leiste24.de\/blog\/\"},{\"@type\":\"ListItem\",\"position\":2,\"name\":\"Kabel hinter Sockelleisten verlegen: einfach und schnell\"}]},{\"@type\":\"WebSite\",\"@id\":\"https:\/\/www.leiste24.de\/blog\/#website\",\"url\":\"https:\/\/www.leiste24.de\/blog\/\",\"name\":\"Sockelleisten-Blog von Leiste24\",\"description\":\"\",\"publisher\":{\"@id\":\"https:\/\/www.leiste24.de\/blog\/#organization\"},\"potentialAction\":[{\"@type\":\"SearchAction\",\"target\":{\"@type\":\"EntryPoint\",\"urlTemplate\":\"https:\/\/www.leiste24.de\/blog\/?s={search_term_string}\"},\"query-input\":{\"@type\":\"PropertyValueSpecification\",\"valueRequired\":true,\"valueName\":\"search_term_string\"}}],\"inLanguage\":\"de\"},{\"@type\":\"Organization\",\"@id\":\"https:\/\/www.leiste24.de\/blog\/#organization\",\"name\":\"Sockelleisten-Blog von Leiste24\",\"url\":\"https:\/\/www.leiste24.de\/blog\/\",\"logo\":{\"@type\":\"ImageObject\",\"inLanguage\":\"de\",\"@id\":\"https:\/\/www.leiste24.de\/blog\/#\/schema\/logo\/image\/\",\"url\":\"https:\/\/www.leiste24.de\/blog\/wp-content\/uploads\/2016\/06\/Logo-mit-Unterzeile-end-300.jpg\",\"contentUrl\":\"https:\/\/www.leiste24.de\/blog\/wp-content\/uploads\/2016\/06\/Logo-mit-Unterzeile-end-300.jpg\",\"width\":627,\"height\":170,\"caption\":\"Sockelleisten-Blog von Leiste24\"},\"image\":{\"@id\":\"https:\/\/www.leiste24.de\/blog\/#\/schema\/logo\/image\/\"}}]}<\/script>\n<!-- \/ Yoast SEO plugin. -->","yoast_head_json":{"title":"Sockelleiste mit Kabelkanal verlegen - so geht\u00b4s | Leiste24","description":"Kabel hinter Sockelleisten verlegen - einfach & schnell. Wie genau Sie Sockelleisten mit Kabelf\u00fchrung nutzen, lesen Sie hier im Blog von Leiste24\u25c0","robots":{"index":"index","follow":"follow","max-snippet":"max-snippet:-1","max-image-preview":"max-image-preview:large","max-video-preview":"max-video-preview:-1"},"canonical":"https:\/\/www.leiste24.de\/blog\/kabel-geschickt-verlegen-mit-hochwertigen-sockelleisten\/","og_locale":"de_DE","og_type":"article","og_title":"Sockelleiste mit Kabelkanal verlegen - so geht\u00b4s | Leiste24","og_description":"Kabel hinter Sockelleisten verlegen - einfach & schnell. Wie genau Sie Sockelleisten mit Kabelf\u00fchrung nutzen, lesen Sie hier im Blog von Leiste24\u25c0","og_url":"https:\/\/www.leiste24.de\/blog\/kabel-geschickt-verlegen-mit-hochwertigen-sockelleisten\/","og_site_name":"Sockelleisten-Blog von Leiste24","article_modified_time":"2022-12-05T09:03:11+00:00","og_image":[{"width":1100,"height":468,"url":"https:\/\/www.leiste24.de\/blog\/wp-content\/uploads\/2019\/07\/sockelleisten.jpg","type":"image\/jpeg"}],"twitter_misc":{"Gesch\u00e4tzte Lesezeit":"3\u00a0Minuten"},"schema":{"@context":"https:\/\/schema.org","@graph":[{"@type":"WebPage","@id":"https:\/\/www.leiste24.de\/blog\/kabel-geschickt-verlegen-mit-hochwertigen-sockelleisten\/","url":"https:\/\/www.leiste24.de\/blog\/kabel-geschickt-verlegen-mit-hochwertigen-sockelleisten\/","name":"Sockelleiste mit Kabelkanal verlegen - so geht\u00b4s | Leiste24","isPartOf":{"@id":"https:\/\/www.leiste24.de\/blog\/#website"},"primaryImageOfPage":{"@id":"https:\/\/www.leiste24.de\/blog\/kabel-geschickt-verlegen-mit-hochwertigen-sockelleisten\/#primaryimage"},"image":{"@id":"https:\/\/www.leiste24.de\/blog\/kabel-geschickt-verlegen-mit-hochwertigen-sockelleisten\/#primaryimage"},"thumbnailUrl":"https:\/\/www.leiste24.de\/blog\/wp-content\/uploads\/2019\/07\/sockelleisten.jpg","datePublished":"2021-01-05T11:00:49+00:00","dateModified":"2022-12-05T09:03:11+00:00","description":"Kabel hinter Sockelleisten verlegen - einfach & schnell. Wie genau Sie Sockelleisten mit Kabelf\u00fchrung nutzen, lesen Sie hier im Blog von Leiste24\u25c0","breadcrumb":{"@id":"https:\/\/www.leiste24.de\/blog\/kabel-geschickt-verlegen-mit-hochwertigen-sockelleisten\/#breadcrumb"},"inLanguage":"de","potentialAction":[{"@type":"ReadAction","target":["https:\/\/www.leiste24.de\/blog\/kabel-geschickt-verlegen-mit-hochwertigen-sockelleisten\/"]}]},{"@type":"ImageObject","inLanguage":"de","@id":"https:\/\/www.leiste24.de\/blog\/kabel-geschickt-verlegen-mit-hochwertigen-sockelleisten\/#primaryimage","url":"https:\/\/www.leiste24.de\/blog\/wp-content\/uploads\/2019\/07\/sockelleisten.jpg","contentUrl":"https:\/\/www.leiste24.de\/blog\/wp-content\/uploads\/2019\/07\/sockelleisten.jpg","width":1100,"height":468,"caption":"Sockelleisten von Leiste24"},{"@type":"BreadcrumbList","@id":"https:\/\/www.leiste24.de\/blog\/kabel-geschickt-verlegen-mit-hochwertigen-sockelleisten\/#breadcrumb","itemListElement":[{"@type":"ListItem","position":1,"name":"Home","item":"https:\/\/www.leiste24.de\/blog\/"},{"@type":"ListItem","position":2,"name":"Kabel hinter Sockelleisten verlegen: einfach und schnell"}]},{"@type":"WebSite","@id":"https:\/\/www.leiste24.de\/blog\/#website","url":"https:\/\/www.leiste24.de\/blog\/","name":"Sockelleisten-Blog von Leiste24","description":"","publisher":{"@id":"https:\/\/www.leiste24.de\/blog\/#organization"},"potentialAction":[{"@type":"SearchAction","target":{"@type":"EntryPoint","urlTemplate":"https:\/\/www.leiste24.de\/blog\/?s={search_term_string}"},"query-input":{"@type":"PropertyValueSpecification","valueRequired":true,"valueName":"search_term_string"}}],"inLanguage":"de"},{"@type":"Organization","@id":"https:\/\/www.leiste24.de\/blog\/#organization","name":"Sockelleisten-Blog von Leiste24","url":"https:\/\/www.leiste24.de\/blog\/","logo":{"@type":"ImageObject","inLanguage":"de","@id":"https:\/\/www.leiste24.de\/blog\/#\/schema\/logo\/image\/","url":"https:\/\/www.leiste24.de\/blog\/wp-content\/uploads\/2016\/06\/Logo-mit-Unterzeile-end-300.jpg","contentUrl":"https:\/\/www.leiste24.de\/blog\/wp-content\/uploads\/2016\/06\/Logo-mit-Unterzeile-end-300.jpg","width":627,"height":170,"caption":"Sockelleisten-Blog von Leiste24"},"image":{"@id":"https:\/\/www.leiste24.de\/blog\/#\/schema\/logo\/image\/"}}]}},"_links":{"self":[{"href":"https:\/\/www.leiste24.de\/blog\/wp-json\/wp\/v2\/pages\/1131","targetHints":{"allow":["GET"]}}],"collection":[{"href":"https:\/\/www.leiste24.de\/blog\/wp-json\/wp\/v2\/pages"}],"about":[{"href":"https:\/\/www.leiste24.de\/blog\/wp-json\/wp\/v2\/types\/page"}],"author":[{"embeddable":true,"href":"https:\/\/www.leiste24.de\/blog\/wp-json\/wp\/v2\/users\/1"}],"replies":[{"embeddable":true,"href":"https:\/\/www.leiste24.de\/blog\/wp-json\/wp\/v2\/comments?post=1131"}],"version-history":[{"count":31,"href":"https:\/\/www.leiste24.de\/blog\/wp-json\/wp\/v2\/pages\/1131\/revisions"}],"predecessor-version":[{"id":1247,"href":"https:\/\/www.leiste24.de\/blog\/wp-json\/wp\/v2\/pages\/1131\/revisions\/1247"}],"wp:attachment":[{"href":"https:\/\/www.leiste24.de\/blog\/wp-json\/wp\/v2\/media?parent=1131"}],"curies":[{"name":"wp","href":"https:\/\/api.w.org\/{rel}","templated":true}]}}